{"id":145,"date":"2019-08-20T06:04:34","date_gmt":"2019-08-20T06:04:34","guid":{"rendered":"https:\/programs\/"},"modified":"2024-07-24T17:41:11","modified_gmt":"2024-07-24T22:41:11","slug":"proposito","status":"publish","type":"page","link":"https:\/\/ayahuascaparaelmundo.com\/zh\/proposito\/","title":{"rendered":"\u76ee\u7684"},"content":{"rendered":"<div data-elementor-type=\"wp-post\" data-elementor-id=\"145\" class=\"elementor elementor-145\">\n\t\t\t\t\t\t\t\t\t<section class=\"elementor-section elementor-top-section elementor-element elementor-element-74ba2fac elementor-section-full_width elementor-section-height-default elementor-section-height-default\" data-id=\"74ba2fac\" data-element_type=\"section\" data-settings=\"{&quot;background_background&quot;:&quot;classic&quot;,&quot;shape_divider_bottom&quot;:&quot;triangle&quot;,&quot;shape_divider_bottom_negative&quot;:&quot;yes&quot;}\">\n\t\t\t\t\t\t\t<div class=\"elementor-background-overlay\"><\/div>\n\t\t\t\t\t\t<div class=\"elementor-shape elementor-shape-bottom\" data-negative=\"true\">\n\t\t\t<svg xmlns=\"http:\/\/www.w3.org\/2000\/svg\" viewbox=\"0 0 1000 100\" preserveaspectratio=\"none\">\n\t<path class=\"elementor-shape-fill\" d=\"M500.2,94.7L0,0v100h1000V0L500.2,94.7z\"\/>\n<\/svg>\t\t<\/div>\n\t\t\t\t\t<div class=\"elementor-container elementor-column-gap-default\">\n\t\t\t\t\t<div class=\"elementor-column elementor-col-100 elementor-top-column elementor-element elementor-element-23262dea\" data-id=\"23262dea\" data-element_type=\"column\">\n\t\t\t<div class=\"elementor-widget-wrap elementor-element-populated\">\n\t\t\t\t\t\t\t\t<div class=\"elementor-element elementor-element-27af6558 elementor-widget elementor-widget-heading\" data-id=\"27af6558\" data-element_type=\"widget\" data-settings=\"{&quot;_animation&quot;:&quot;none&quot;}\" data-widget_type=\"heading.default\">\n\t\t\t\t<div class=\"elementor-widget-container\">\n\t\t\t<style>\/*! elementor - v3.13.3 - 28-05-2023 *\/\n.elementor-heading-title{padding:0;margin:0;line-height:1}.elementor-widget-heading .elementor-heading-title[class*=elementor-size-]>a{color:inherit;font-size:inherit;line-height:inherit}.elementor-widget-heading .elementor-heading-title.elementor-size-small{font-size:15px}.elementor-widget-heading .elementor-heading-title.elementor-size-medium{font-size:19px}.elementor-widget-heading .elementor-heading-title.elementor-size-large{font-size:29px}.elementor-widget-heading .elementor-heading-title.elementor-size-xl{font-size:39px}.elementor-widget-heading .elementor-heading-title.elementor-size-xxl{font-size:59px}<\/style><h1 class=\"elementor-heading-title elementor-size-default\">Ayahuasca \u5bf9\u4e16\u754c\u7684\u76ee\u7684\u662f\u4ec0\u4e48\uff1f<\/h1>\t\t<\/div>\n\t\t\t\t<\/div>\n\t\t\t\t\t<\/div>\n\t\t<\/div>\n\t\t\t\t\t\t\t<\/div>\n\t\t<\/section>\n\t\t\t\t<section class=\"elementor-section elementor-top-section elementor-element elementor-element-8dc6205 elementor-reverse-mobile elementor-section-full_width elementor-section-height-default elementor-section-height-default\" data-id=\"8dc6205\" data-element_type=\"section\" data-settings=\"{&quot;background_background&quot;:&quot;classic&quot;}\">\n\t\t\t\t\t\t\t<div class=\"elementor-background-overlay\"><\/div>\n\t\t\t\t\t\t\t<div class=\"elementor-container elementor-column-gap-no\">\n\t\t\t\t\t<div class=\"elementor-column elementor-col-100 elementor-top-column elementor-element elementor-element-0b0aedc\" data-id=\"0b0aedc\" data-element_type=\"column\">\n\t\t\t<div class=\"elementor-widget-wrap elementor-element-populated\">\n\t\t\t\t\t\t\t\t<section class=\"elementor-section elementor-inner-section elementor-element elementor-element-6cad3d1 elementor-section-boxed elementor-section-height-default elementor-section-height-default\" data-id=\"6cad3d1\" data-element_type=\"section\" data-settings=\"{&quot;background_background&quot;:&quot;classic&quot;}\">\n\t\t\t\t\t\t<div class=\"elementor-container elementor-column-gap-default\">\n\t\t\t\t\t<div class=\"elementor-column elementor-col-50 elementor-inner-column elementor-element elementor-element-8e8665b\" data-id=\"8e8665b\" data-element_type=\"column\">\n\t\t\t<div class=\"elementor-widget-wrap elementor-element-populated\">\n\t\t\t\t\t\t\t\t<div class=\"elementor-element elementor-element-4b3340f elementor-widget elementor-widget-image\" data-id=\"4b3340f\" data-element_type=\"widget\" data-widget_type=\"image.default\">\n\t\t\t\t<div class=\"elementor-widget-container\">\n\t\t\t<style>\/*! elementor - v3.13.3 - 28-05-2023 *\/\n.elementor-widget-image{text-align:center}.elementor-widget-image a{display:inline-block}.elementor-widget-image a img[src$=\".svg\"]{width:48px}.elementor-widget-image img{vertical-align:middle;display:inline-block}<\/style>\t\t\t\t\t\t\t\t\t\t\t\t<img loading=\"lazy\" decoding=\"async\" width=\"1024\" height=\"682\" src=\"https:\/\/ayahuascaparaelmundo.com\/wp-content\/uploads\/2023\/02\/meditate-meditation-woman-5375835-1024x682.jpg\" class=\"attachment-large size-large wp-image-1729\" alt=\"\" srcset=\"https:\/\/ayahuascaparaelmundo.com\/wp-content\/uploads\/2023\/02\/meditate-meditation-woman-5375835-1024x682.jpg 1024w, https:\/\/ayahuascaparaelmundo.com\/wp-content\/uploads\/2023\/02\/meditate-meditation-woman-5375835-300x200.jpg 300w, https:\/\/ayahuascaparaelmundo.com\/wp-content\/uploads\/2023\/02\/meditate-meditation-woman-5375835-768x512.jpg 768w, https:\/\/ayahuascaparaelmundo.com\/wp-content\/uploads\/2023\/02\/meditate-meditation-woman-5375835.jpg 1280w\" sizes=\"auto, (max-width: 1024px) 100vw, 1024px\" \/>\t\t\t\t\t\t\t\t\t\t\t\t\t\t\t<\/div>\n\t\t\t\t<\/div>\n\t\t\t\t\t<\/div>\n\t\t<\/div>\n\t\t\t\t<div class=\"elementor-column elementor-col-50 elementor-inner-column elementor-element elementor-element-f5d6f1b\" data-id=\"f5d6f1b\" data-element_type=\"column\">\n\t\t\t<div class=\"elementor-widget-wrap elementor-element-populated\">\n\t\t\t\t\t\t\t\t<div class=\"elementor-element elementor-element-2ceda7e elementor-widget elementor-widget-text-editor\" data-id=\"2ceda7e\" data-element_type=\"widget\" data-widget_type=\"text-editor.default\">\n\t\t\t\t<div class=\"elementor-widget-container\">\n\t\t\t<style>\/*! elementor - v3.13.3 - 28-05-2023 *\/\n.elementor-widget-text-editor.elementor-drop-cap-view-stacked .elementor-drop-cap{background-color:#69727d;color:#fff}.elementor-widget-text-editor.elementor-drop-cap-view-framed .elementor-drop-cap{color:#69727d;border:3px solid;background-color:transparent}.elementor-widget-text-editor:not(.elementor-drop-cap-view-default) .elementor-drop-cap{margin-top:8px}.elementor-widget-text-editor:not(.elementor-drop-cap-view-default) .elementor-drop-cap-letter{width:1em;height:1em}.elementor-widget-text-editor .elementor-drop-cap{float:left;text-align:center;line-height:1;font-size:50px}.elementor-widget-text-editor .elementor-drop-cap-letter{display:inline-block}<\/style>\t\t\t\t<p>Ayahuasca for the World \u7684\u76ee\u7684\u662f\u6210\u4e3a\u4eba\u4eec\u901a\u5f80\u4e16\u754c\u7684\u6865\u6881 <em><strong>\u6108\u5408<\/strong><\/em> \u4f60\u7684\u7cbe\u795e\u521b\u4f24\uff0c\u91ca\u653e\u4f60\u7684\u601d\u60f3\uff0c <em><strong>\u5341\u4e00<\/strong><\/em> \u4ed6\u7684\u7cbe\u795e\u548c <em><strong>\u8f6c\u6362<\/strong><\/em> \u4ed6\u7684\u751f\u547d\u3002<\/p><p>\u00a0<\/p><p>\u6211\u4eec\u6709\u575a\u5b9a\u7684\u51b3\u5fc3\uff0c\u901a\u8fc7\u4f7f\u7528 Ayahuasca\u3001San Pedro (wachuma) \u548c\u70df\u8349\u7b49\u795e\u5723\u690d\u7269\u7684\u7956\u5148\u4eea\u5f0f\uff0c\u4ee5\u53ca\u6765\u81ea\u4e9a\u9a6c\u900a\u7684\u4e0d\u540c\u836f\u7528\u690d\u7269\u7684\u996e\u98df\uff0c\u4e3a\u60a8\u63d0\u4f9b\u60c5\u611f\u3001\u8eab\u4f53\u548c\u7cbe\u795e\u6cbb\u7597\u7684\u8f6c\u53d8\u548c\u6df1\u523b\u4f53\u9a8c\u3002 ; d<span style=\"font-style: inherit; font-weight: inherit; color: var(--ast-global-color-3);\">\u7531\u6211\u4eec\u7ecf\u9a8c\u4e30\u5bcc\u7684\u6cbb\u7597\u5e08 (Meraya) \u548c\u7956\u5148\u8840\u7edf\u6307\u5bfc\uff0c\u901a\u8fc7\u6cbb\u7597\u3001\u63d0\u5347\u548c\u8f6c\u53d8\u9759\u4fee\u3002<\/span><\/p><p>\u00a0<\/p><p>\u7ed3\u679c\u662f\u5b9e\u73b0\u6bcf\u4e2a\u4eba\u8fbe\u5230 <em>\u201c\u8ba4\u8bc6\u4f60\u81ea\u5df1\u201d<\/em>\u00a0\u201c\u4ed6\u00a0<em>\u4e5f\u7231\u201d\uff0c\u201c\u8fde\u63a5<\/em>\u00a0\u548c\u00a0<em>\u6211\u4eec\u7684\u521b\u9020\u8005\u201d\uff0c<\/em>\u00a0\u6108\u5408\uff1a <em>\u00ab\u8eab\u4f53\uff0c\u5fc3\u7075<\/em>\u00a0\u548c\u00a0<em>\u7cbe\u795e\u201d\uff0c\u4ee5\u53ca\u201c\u5524\u9192\u4f60\u7684\u826f\u77e5\u201d\u3002<\/em><\/p><p>\u00a0<\/p><p>\u4e3a\u4e86\u6211\u4eec<strong> \u8f6c\u52a8<\/strong> \u8fd9\u5e76\u4e0d\u610f\u5473\u7740\u6210\u4e3a\u4f60\u81ea\u5df1\u4e4b\u5916\u7684\u53e6\u4e00\u4e2a\u4eba\uff0c\u800c\u662f\u5c55\u73b0\u6211\u4eec\u7684\u771f\u5b9e\u5b58\u5728\u5e76\u53d1\u73b0\u6211\u4eec\u5185\u5728\u7684\u8001\u5e08\u3002<\/p>\t\t\t\t\t\t<\/div>\n\t\t\t\t<\/div>\n\t\t\t\t\t<\/div>\n\t\t<\/div>\n\t\t\t\t\t\t\t<\/div>\n\t\t<\/section>\n\t\t\t\t<section class=\"elementor-section elementor-inner-section elementor-element elementor-element-98586c8 elementor-section-boxed elementor-section-height-default elementor-section-height-default\" data-id=\"98586c8\" data-element_type=\"section\" data-settings=\"{&quot;background_background&quot;:&quot;classic&quot;}\">\n\t\t\t\t\t\t<div class=\"elementor-container elementor-column-gap-default\">\n\t\t\t\t\t<div class=\"elementor-column elementor-col-50 elementor-inner-column elementor-element elementor-element-9967f11\" data-id=\"9967f11\" data-element_type=\"column\">\n\t\t\t<div class=\"elementor-widget-wrap elementor-element-populated\">\n\t\t\t\t\t\t\t\t<div class=\"elementor-element elementor-element-5daae53 elementor-widget elementor-widget-text-editor\" data-id=\"5daae53\" data-element_type=\"widget\" data-widget_type=\"text-editor.default\">\n\t\t\t\t<div class=\"elementor-widget-container\">\n\t\t\t\t\t\t\t<p>\u7684\u652f\u67f1 <em>\u5168\u4e16\u754c\u7684\u6b7b\u85e4\u6c34<\/em> \u662f\u4ed6 <strong>\u7231\uff0c\u00a0<\/strong>\u771f\u6b63\u7684\u7231\u662f\u8010\u5fc3\u7684\uff0c\u662f\u4ec1\u6148\u7684\uff0c\u4e0d\u662f\u5ac9\u5992\uff0c\u4e0d\u662f\u81ea\u5938\uff0c\u4e0d\u662f\u50b2\u6162\uff0c\u66f4\u4e0d\u662f\u65e0\u793c\uff1b\u5b83\u610f\u5473\u7740\u94a6\u4f69\u548c\u76f8\u4e92\u7684\u611f\u60c5\uff0c\u5e76\u63a5\u53d7\u5bf9\u65b9\u7684\u672c\u6765\u9762\u76ee\u3002<\/p><p>\u00a0<\/p><p>\u8ba9\u6211\u4eec\u966a\u4f34\u60a8\u8fdb\u884c\u8eab\u4f53\u3001\u601d\u60f3\u548c\u7cbe\u795e\u7684\u8f6c\u53d8\u548c\u6df1\u5ea6\u7597\u6108\u3002 <strong>\u5b9e\u73b0\u4e2a\u4eba\u5e73\u8861\u3002<\/strong><\/p><p><strong>\u00a0<\/strong><\/p><p><em>\u5e26\u7740\u7231\u548c\u4fe1\u4efb\uff0c\u6211\u4eec\u5728\u7b49\u4f60\uff01<\/em><\/p>\t\t\t\t\t\t<\/div>\n\t\t\t\t<\/div>\n\t\t\t\t<div class=\"elementor-element elementor-element-f51d427 elementor-widget elementor-widget-heading\" data-id=\"f51d427\" data-element_type=\"widget\" data-widget_type=\"heading.default\">\n\t\t\t\t<div class=\"elementor-widget-container\">\n\t\t\t<h4 class=\"elementor-heading-title elementor-size-default\">\u5168\u4e16\u754c\u7684\u6b7b\u85e4\u6c34<\/h4>\t\t<\/div>\n\t\t\t\t<\/div>\n\t\t\t\t\t<\/div>\n\t\t<\/div>\n\t\t\t\t<div class=\"elementor-column elementor-col-50 elementor-inner-column elementor-element elementor-element-49186ed\" data-id=\"49186ed\" data-element_type=\"column\">\n\t\t\t<div class=\"elementor-widget-wrap elementor-element-populated\">\n\t\t\t\t\t\t\t\t<div class=\"elementor-element elementor-element-d12afa3 elementor-align-center elementor-widget elementor-widget-button\" data-id=\"d12afa3\" data-element_type=\"widget\" data-widget_type=\"button.default\">\n\t\t\t\t<div class=\"elementor-widget-container\">\n\t\t\t\t\t<div class=\"elementor-button-wrapper\">\n\t\t\t<a href=\"https:\/\/\/zh\/retiros-de-sanacion\/\" target=\"_blank\" class=\"elementor-button-link elementor-button elementor-size-lg\" role=\"button\">\n\t\t\t\t\t\t<span class=\"elementor-button-content-wrapper\">\n\t\t\t\t\t\t<span class=\"elementor-button-text\">\u8f6c\u6362\uff01<\/span>\n\t\t<\/span>\n\t\t\t\t\t<\/a>\n\t\t<\/div>\n\t\t\t\t<\/div>\n\t\t\t\t<\/div>\n\t\t\t\t\t<\/div>\n\t\t<\/div>\n\t\t\t\t\t\t\t<\/div>\n\t\t<\/section>\n\t\t\t\t\t<\/div>\n\t\t<\/div>\n\t\t\t\t\t\t\t<\/div>\n\t\t<\/section>\n\t\t\t\t\t\t\t<\/div>","protected":false},"excerpt":{"rendered":"<p>\u00bfCu\u00e1l es el prop\u00f3sito de Ayahuasca para el Mundo? El prop\u00f3sito de Ayahuasca para el Mundo es ser el puente para que las personas curen sus heridas espirituales, liberen su mente, eleven su esp\u00edritu y transformen su vida. \u00a0 Tenemos la firme determinaci\u00f3n de entregarles una experiencia transformadora y de profunda de sanaci\u00f3n emocional, f\u00edsica [&hellip;]<\/p>","protected":false},"author":1,"featured_media":1729,"parent":0,"menu_order":0,"comment_status":"closed","ping_status":"closed","template":"","meta":{"site-sidebar-layout":"no-sidebar","site-content-layout":"page-builder","ast-site-content-layout":"","site-content-style":"default","site-sidebar-style":"default","ast-global-header-display":"","ast-banner-title-visibility":"","ast-main-header-display":"","ast-hfb-above-header-display":"","ast-hfb-below-header-display":"","ast-hfb-mobile-header-display":"","site-post-title":"disabled","ast-breadcrumbs-content":"","ast-featured-img":"disabled","footer-sml-layout":"","theme-transparent-header-meta":"default","adv-header-id-meta":"","stick-header-meta":"","header-above-stick-meta":"","header-main-stick-meta":"","header-below-stick-meta":"","astra-migrate-meta-layouts":"default","ast-page-background-enabled":"default","ast-page-background-meta":{"desktop":{"background-color":"","background-image":"","background-repeat":"repeat","background-position":"center center","background-size":"auto","background-attachment":"scroll","background-type":"","background-media":"","overlay-type":"","overlay-color":"","overlay-opacity":"","overlay-gradient":""},"tablet":{"background-color":"","background-image":"","background-repeat":"repeat","background-position":"center center","background-size":"auto","background-attachment":"scroll","background-type":"","background-media":"","overlay-type":"","overlay-color":"","overlay-opacity":"","overlay-gradient":""},"mobile":{"background-color":"","background-image":"","background-repeat":"repeat","background-position":"center center","background-size":"auto","background-attachment":"scroll","background-type":"","background-media":"","overlay-type":"","overlay-color":"","overlay-opacity":"","overlay-gradient":""}},"ast-content-background-meta":{"desktop":{"background-color":"var(--ast-global-color-5)","background-image":"","background-repeat":"repeat","background-position":"center center","background-size":"auto","background-attachment":"scroll","background-type":"","background-media":"","overlay-type":"","overlay-color":"","overlay-opacity":"","overlay-gradient":""},"tablet":{"background-color":"var(--ast-global-color-5)","background-image":"","background-repeat":"repeat","background-position":"center center","background-size":"auto","background-attachment":"scroll","background-type":"","background-media":"","overlay-type":"","overlay-color":"","overlay-opacity":"","overlay-gradient":""},"mobile":{"background-color":"var(--ast-global-color-5)","background-image":"","background-repeat":"repeat","background-position":"center center","background-size":"auto","background-attachment":"scroll","background-type":"","background-media":"","overlay-type":"","overlay-color":"","overlay-opacity":"","overlay-gradient":""}},"footnotes":""},"class_list":["post-145","page","type-page","status-publish","has-post-thumbnail","hentry"],"yoast_head":"<!-- This site is optimized with the Yoast SEO plugin v20.8 - https:\/\/yoast.com\/wordpress\/plugins\/seo\/ -->\n<title>Prop\u00f3sito en Ayahuasca para el Mundo<\/title>\n<meta name=\"description\" content=\"Queremos ser el puente para que las personas curen sus heridas espirituales, sanen su mente, eleven su esp\u00edritu y transformen su vida\" \/>\n<meta name=\"robots\" content=\"index, follow, max-snippet:-1, max-image-preview:large, max-video-preview:-1\" \/>\n<link rel=\"canonical\" href=\"https:\/\/ayahuascaparaelmundo.com\/zh\/proposito\/\" \/>\n<meta property=\"og:locale\" content=\"zh_CN\" \/>\n<meta property=\"og:type\" content=\"article\" \/>\n<meta property=\"og:title\" content=\"Prop\u00f3sito en Ayahuasca para el Mundo\" \/>\n<meta property=\"og:description\" content=\"Queremos ser el puente para que las personas curen sus heridas espirituales, sanen su mente, eleven su esp\u00edritu y transformen su vida\" \/>\n<meta property=\"og:url\" content=\"https:\/\/ayahuascaparaelmundo.com\/zh\/proposito\/\" \/>\n<meta property=\"og:site_name\" content=\"Ayahuasca para el Mundo\" \/>\n<meta property=\"article:publisher\" content=\"https:\/\/www.facebook.com\/ayahuascaparaelmundo\" \/>\n<meta property=\"article:modified_time\" content=\"2024-07-24T22:41:11+00:00\" \/>\n<meta property=\"og:image\" content=\"https:\/\/ayahuascaparaelmundo.com\/wp-content\/uploads\/2023\/02\/meditate-meditation-woman-5375835.jpg\" \/>\n\t<meta property=\"og:image:width\" content=\"1280\" \/>\n\t<meta property=\"og:image:height\" content=\"853\" \/>\n\t<meta property=\"og:image:type\" content=\"image\/jpeg\" \/>\n<meta name=\"twitter:card\" content=\"summary_large_image\" \/>\n<meta name=\"twitter:label1\" content=\"\u9884\u8ba1\u9605\u8bfb\u65f6\u95f4\" \/>\n\t<meta name=\"twitter:data1\" content=\"2 \u5206\" \/>\n<script type=\"application\/ld+json\" class=\"yoast-schema-graph\">{\"@context\":\"https:\/\/schema.org\",\"@graph\":[{\"@type\":\"WebPage\",\"@id\":\"https:\/\/ayahuascaparaelmundo.com\/de\/proposito\/\",\"url\":\"https:\/\/ayahuascaparaelmundo.com\/de\/proposito\/\",\"name\":\"Prop\u00f3sito en Ayahuasca para el Mundo\",\"isPartOf\":{\"@id\":\"https:\/\/ayahuascaparaelmundo.com\/de\/#website\"},\"datePublished\":\"2019-08-20T06:04:34+00:00\",\"dateModified\":\"2024-07-24T22:41:11+00:00\",\"description\":\"Queremos ser el puente para que las personas curen sus heridas espirituales, sanen su mente, eleven su esp\u00edritu y transformen su vida\",\"breadcrumb\":{\"@id\":\"https:\/\/ayahuascaparaelmundo.com\/de\/proposito\/#breadcrumb\"},\"inLanguage\":\"zh-Hans\",\"potentialAction\":[{\"@type\":\"ReadAction\",\"target\":[\"https:\/\/ayahuascaparaelmundo.com\/de\/proposito\/\"]}]},{\"@type\":\"BreadcrumbList\",\"@id\":\"https:\/\/ayahuascaparaelmundo.com\/de\/proposito\/#breadcrumb\",\"itemListElement\":[{\"@type\":\"ListItem\",\"position\":1,\"name\":\"Portada\",\"item\":\"https:\/\/ayahuascaparaelmundo.com\/de\/\"},{\"@type\":\"ListItem\",\"position\":2,\"name\":\"Prop\u00f3sito\"}]},{\"@type\":\"WebSite\",\"@id\":\"https:\/\/ayahuascaparaelmundo.com\/de\/#website\",\"url\":\"https:\/\/ayahuascaparaelmundo.com\/de\/\",\"name\":\"Ayahuasca para el Mundo\",\"description\":\"Retiros de Sanaci\u00f3n, Ceremonias de Ayahuasca, San Pedro (Wachuma) y Tabaco en Per\u00fa\",\"publisher\":{\"@id\":\"https:\/\/ayahuascaparaelmundo.com\/de\/#organization\"},\"alternateName\":\"Retiro Espirituales y de Sanaci\u00f3n\",\"potentialAction\":[{\"@type\":\"SearchAction\",\"target\":{\"@type\":\"EntryPoint\",\"urlTemplate\":\"https:\/\/ayahuascaparaelmundo.com\/de\/?s={search_term_string}\"},\"query-input\":\"required name=search_term_string\"}],\"inLanguage\":\"zh-Hans\"},{\"@type\":\"Organization\",\"@id\":\"https:\/\/ayahuascaparaelmundo.com\/de\/#organization\",\"name\":\"Ayahuasca para el Mundo\",\"alternateName\":\"Retiros de Sanaci\u00f3n y Espiritual\",\"url\":\"https:\/\/ayahuascaparaelmundo.com\/de\/\",\"logo\":{\"@type\":\"ImageObject\",\"inLanguage\":\"zh-Hans\",\"@id\":\"https:\/\/ayahuascaparaelmundo.com\/de\/#\/schema\/logo\/image\/\",\"url\":\"http:\/\/ayahuascaparaelmundo.com\/wp-content\/uploads\/2023\/02\/cropped-pngwing.com-8-1.png\",\"contentUrl\":\"http:\/\/ayahuascaparaelmundo.com\/wp-content\/uploads\/2023\/02\/cropped-pngwing.com-8-1.png\",\"width\":842,\"height\":802,\"caption\":\"Ayahuasca para el Mundo\"},\"image\":{\"@id\":\"https:\/\/ayahuascaparaelmundo.com\/de\/#\/schema\/logo\/image\/\"},\"sameAs\":[\"https:\/\/www.facebook.com\/ayahuascaparaelmundo\"]}]}<\/script>\n<!-- \/ Yoast SEO plugin. -->","yoast_head_json":{"title":"Prop\u00f3sito en Ayahuasca para el Mundo","description":"Queremos ser el puente para que las personas curen sus heridas espirituales, sanen su mente, eleven su esp\u00edritu y transformen su vida","robots":{"index":"index","follow":"follow","max-snippet":"max-snippet:-1","max-image-preview":"max-image-preview:large","max-video-preview":"max-video-preview:-1"},"canonical":"https:\/\/ayahuascaparaelmundo.com\/zh\/proposito\/","og_locale":"zh_CN","og_type":"article","og_title":"Prop\u00f3sito en Ayahuasca para el Mundo","og_description":"Queremos ser el puente para que las personas curen sus heridas espirituales, sanen su mente, eleven su esp\u00edritu y transformen su vida","og_url":"https:\/\/ayahuascaparaelmundo.com\/zh\/proposito\/","og_site_name":"Ayahuasca para el Mundo","article_publisher":"https:\/\/www.facebook.com\/ayahuascaparaelmundo","article_modified_time":"2024-07-24T22:41:11+00:00","og_image":[{"width":1280,"height":853,"url":"https:\/\/ayahuascaparaelmundo.com\/wp-content\/uploads\/2023\/02\/meditate-meditation-woman-5375835.jpg","type":"image\/jpeg"}],"twitter_card":"summary_large_image","twitter_misc":{"\u9884\u8ba1\u9605\u8bfb\u65f6\u95f4":"2 \u5206"},"schema":{"@context":"https:\/\/schema.org","@graph":[{"@type":"WebPage","@id":"https:\/\/ayahuascaparaelmundo.com\/de\/proposito\/","url":"https:\/\/ayahuascaparaelmundo.com\/de\/proposito\/","name":"Prop\u00f3sito en Ayahuasca para el Mundo","isPartOf":{"@id":"https:\/\/ayahuascaparaelmundo.com\/de\/#website"},"datePublished":"2019-08-20T06:04:34+00:00","dateModified":"2024-07-24T22:41:11+00:00","description":"Queremos ser el puente para que las personas curen sus heridas espirituales, sanen su mente, eleven su esp\u00edritu y transformen su vida","breadcrumb":{"@id":"https:\/\/ayahuascaparaelmundo.com\/de\/proposito\/#breadcrumb"},"inLanguage":"zh-Hans","potentialAction":[{"@type":"ReadAction","target":["https:\/\/ayahuascaparaelmundo.com\/de\/proposito\/"]}]},{"@type":"BreadcrumbList","@id":"https:\/\/ayahuascaparaelmundo.com\/de\/proposito\/#breadcrumb","itemListElement":[{"@type":"ListItem","position":1,"name":"Portada","item":"https:\/\/ayahuascaparaelmundo.com\/de\/"},{"@type":"ListItem","position":2,"name":"Prop\u00f3sito"}]},{"@type":"WebSite","@id":"https:\/\/ayahuascaparaelmundo.com\/de\/#website","url":"https:\/\/ayahuascaparaelmundo.com\/de\/","name":"Ayahuasca para el Mundo","description":"Retiros de Sanaci\u00f3n, Ceremonias de Ayahuasca, San Pedro (Wachuma) y Tabaco en Per\u00fa","publisher":{"@id":"https:\/\/ayahuascaparaelmundo.com\/de\/#organization"},"alternateName":"Retiro Espirituales y de Sanaci\u00f3n","potentialAction":[{"@type":"SearchAction","target":{"@type":"EntryPoint","urlTemplate":"https:\/\/ayahuascaparaelmundo.com\/de\/?s={search_term_string}"},"query-input":"required name=search_term_string"}],"inLanguage":"zh-Hans"},{"@type":"Organization","@id":"https:\/\/ayahuascaparaelmundo.com\/de\/#organization","name":"Ayahuasca para el Mundo","alternateName":"Retiros de Sanaci\u00f3n y Espiritual","url":"https:\/\/ayahuascaparaelmundo.com\/de\/","logo":{"@type":"ImageObject","inLanguage":"zh-Hans","@id":"https:\/\/ayahuascaparaelmundo.com\/de\/#\/schema\/logo\/image\/","url":"http:\/\/ayahuascaparaelmundo.com\/wp-content\/uploads\/2023\/02\/cropped-pngwing.com-8-1.png","contentUrl":"http:\/\/ayahuascaparaelmundo.com\/wp-content\/uploads\/2023\/02\/cropped-pngwing.com-8-1.png","width":842,"height":802,"caption":"Ayahuasca para el Mundo"},"image":{"@id":"https:\/\/ayahuascaparaelmundo.com\/de\/#\/schema\/logo\/image\/"},"sameAs":["https:\/\/www.facebook.com\/ayahuascaparaelmundo"]}]}},"_links":{"self":[{"href":"https:\/\/ayahuascaparaelmundo.com\/zh\/wp-json\/wp\/v2\/pages\/145","targetHints":{"allow":["GET"]}}],"collection":[{"href":"https:\/\/ayahuascaparaelmundo.com\/zh\/wp-json\/wp\/v2\/pages"}],"about":[{"href":"https:\/\/ayahuascaparaelmundo.com\/zh\/wp-json\/wp\/v2\/types\/page"}],"author":[{"embeddable":true,"href":"https:\/\/ayahuascaparaelmundo.com\/zh\/wp-json\/wp\/v2\/users\/1"}],"replies":[{"embeddable":true,"href":"https:\/\/ayahuascaparaelmundo.com\/zh\/wp-json\/wp\/v2\/comments?post=145"}],"version-history":[{"count":3,"href":"https:\/\/ayahuascaparaelmundo.com\/zh\/wp-json\/wp\/v2\/pages\/145\/revisions"}],"predecessor-version":[{"id":5478,"href":"https:\/\/ayahuascaparaelmundo.com\/zh\/wp-json\/wp\/v2\/pages\/145\/revisions\/5478"}],"wp:featuredmedia":[{"embeddable":true,"href":"https:\/\/ayahuascaparaelmundo.com\/zh\/wp-json\/wp\/v2\/media\/1729"}],"wp:attachment":[{"href":"https:\/\/ayahuascaparaelmundo.com\/zh\/wp-json\/wp\/v2\/media?parent=145"}],"curies":[{"name":"wp","href":"https:\/\/api.w.org\/{rel}","templated":true}]}}