{"id":145,"date":"2019-08-20T06:04:34","date_gmt":"2019-08-20T06:04:34","guid":{"rendered":"https:\/programs\/"},"modified":"2024-07-24T17:41:11","modified_gmt":"2024-07-24T22:41:11","slug":"proposito","status":"publish","type":"page","link":"https:\/\/ayahuascaparaelmundo.com\/fr\/proposito\/","title":{"rendered":"But"},"content":{"rendered":"<div data-elementor-type=\"wp-post\" data-elementor-id=\"145\" class=\"elementor elementor-145\">\n\t\t\t\t\t\t\t\t\t<section class=\"elementor-section elementor-top-section elementor-element elementor-element-74ba2fac elementor-section-full_width elementor-section-height-default elementor-section-height-default\" data-id=\"74ba2fac\" data-element_type=\"section\" data-settings=\"{&quot;background_background&quot;:&quot;classic&quot;,&quot;shape_divider_bottom&quot;:&quot;triangle&quot;,&quot;shape_divider_bottom_negative&quot;:&quot;yes&quot;}\">\n\t\t\t\t\t\t\t<div class=\"elementor-background-overlay\"><\/div>\n\t\t\t\t\t\t<div class=\"elementor-shape elementor-shape-bottom\" data-negative=\"true\">\n\t\t\t<svg xmlns=\"http:\/\/www.w3.org\/2000\/svg\" viewbox=\"0 0 1000 100\" preserveaspectratio=\"none\">\n\t<path class=\"elementor-shape-fill\" d=\"M500.2,94.7L0,0v100h1000V0L500.2,94.7z\"\/>\n<\/svg>\t\t<\/div>\n\t\t\t\t\t<div class=\"elementor-container elementor-column-gap-default\">\n\t\t\t\t\t<div class=\"elementor-column elementor-col-100 elementor-top-column elementor-element elementor-element-23262dea\" data-id=\"23262dea\" data-element_type=\"column\">\n\t\t\t<div class=\"elementor-widget-wrap elementor-element-populated\">\n\t\t\t\t\t\t\t\t<div class=\"elementor-element elementor-element-27af6558 elementor-widget elementor-widget-heading\" data-id=\"27af6558\" data-element_type=\"widget\" data-settings=\"{&quot;_animation&quot;:&quot;none&quot;}\" data-widget_type=\"heading.default\">\n\t\t\t\t<div class=\"elementor-widget-container\">\n\t\t\t<style>\/*! elementor - v3.13.3 - 28-05-2023 *\/\n.elementor-heading-title{padding:0;margin:0;line-height:1}.elementor-widget-heading .elementor-heading-title[class*=elementor-size-]>a{color:inherit;font-size:inherit;line-height:inherit}.elementor-widget-heading .elementor-heading-title.elementor-size-small{font-size:15px}.elementor-widget-heading .elementor-heading-title.elementor-size-medium{font-size:19px}.elementor-widget-heading .elementor-heading-title.elementor-size-large{font-size:29px}.elementor-widget-heading .elementor-heading-title.elementor-size-xl{font-size:39px}.elementor-widget-heading .elementor-heading-title.elementor-size-xxl{font-size:59px}<\/style><h1 class=\"elementor-heading-title elementor-size-default\">Quel est le but de l&#039;Ayahuasca pour le monde ?<\/h1>\t\t<\/div>\n\t\t\t\t<\/div>\n\t\t\t\t\t<\/div>\n\t\t<\/div>\n\t\t\t\t\t\t\t<\/div>\n\t\t<\/section>\n\t\t\t\t<section class=\"elementor-section elementor-top-section elementor-element elementor-element-8dc6205 elementor-reverse-mobile elementor-section-full_width elementor-section-height-default elementor-section-height-default\" data-id=\"8dc6205\" data-element_type=\"section\" data-settings=\"{&quot;background_background&quot;:&quot;classic&quot;}\">\n\t\t\t\t\t\t\t<div class=\"elementor-background-overlay\"><\/div>\n\t\t\t\t\t\t\t<div class=\"elementor-container elementor-column-gap-no\">\n\t\t\t\t\t<div class=\"elementor-column elementor-col-100 elementor-top-column elementor-element elementor-element-0b0aedc\" data-id=\"0b0aedc\" data-element_type=\"column\">\n\t\t\t<div class=\"elementor-widget-wrap elementor-element-populated\">\n\t\t\t\t\t\t\t\t<section class=\"elementor-section elementor-inner-section elementor-element elementor-element-6cad3d1 elementor-section-boxed elementor-section-height-default elementor-section-height-default\" data-id=\"6cad3d1\" data-element_type=\"section\" data-settings=\"{&quot;background_background&quot;:&quot;classic&quot;}\">\n\t\t\t\t\t\t<div class=\"elementor-container elementor-column-gap-default\">\n\t\t\t\t\t<div class=\"elementor-column elementor-col-50 elementor-inner-column elementor-element elementor-element-8e8665b\" data-id=\"8e8665b\" data-element_type=\"column\">\n\t\t\t<div class=\"elementor-widget-wrap elementor-element-populated\">\n\t\t\t\t\t\t\t\t<div class=\"elementor-element elementor-element-4b3340f elementor-widget elementor-widget-image\" data-id=\"4b3340f\" data-element_type=\"widget\" data-widget_type=\"image.default\">\n\t\t\t\t<div class=\"elementor-widget-container\">\n\t\t\t<style>\/*! elementor - v3.13.3 - 28-05-2023 *\/\n.elementor-widget-image{text-align:center}.elementor-widget-image a{display:inline-block}.elementor-widget-image a img[src$=\".svg\"]{width:48px}.elementor-widget-image img{vertical-align:middle;display:inline-block}<\/style>\t\t\t\t\t\t\t\t\t\t\t\t<img loading=\"lazy\" decoding=\"async\" width=\"1024\" height=\"682\" src=\"https:\/\/ayahuascaparaelmundo.com\/wp-content\/uploads\/2023\/02\/meditate-meditation-woman-5375835-1024x682.jpg\" class=\"attachment-large size-large wp-image-1729\" alt=\"\" srcset=\"https:\/\/ayahuascaparaelmundo.com\/wp-content\/uploads\/2023\/02\/meditate-meditation-woman-5375835-1024x682.jpg 1024w, https:\/\/ayahuascaparaelmundo.com\/wp-content\/uploads\/2023\/02\/meditate-meditation-woman-5375835-300x200.jpg 300w, https:\/\/ayahuascaparaelmundo.com\/wp-content\/uploads\/2023\/02\/meditate-meditation-woman-5375835-768x512.jpg 768w, https:\/\/ayahuascaparaelmundo.com\/wp-content\/uploads\/2023\/02\/meditate-meditation-woman-5375835.jpg 1280w\" sizes=\"auto, (max-width: 1024px) 100vw, 1024px\" \/>\t\t\t\t\t\t\t\t\t\t\t\t\t\t\t<\/div>\n\t\t\t\t<\/div>\n\t\t\t\t\t<\/div>\n\t\t<\/div>\n\t\t\t\t<div class=\"elementor-column elementor-col-50 elementor-inner-column elementor-element elementor-element-f5d6f1b\" data-id=\"f5d6f1b\" data-element_type=\"column\">\n\t\t\t<div class=\"elementor-widget-wrap elementor-element-populated\">\n\t\t\t\t\t\t\t\t<div class=\"elementor-element elementor-element-2ceda7e elementor-widget elementor-widget-text-editor\" data-id=\"2ceda7e\" data-element_type=\"widget\" data-widget_type=\"text-editor.default\">\n\t\t\t\t<div class=\"elementor-widget-container\">\n\t\t\t<style>\/*! elementor - v3.13.3 - 28-05-2023 *\/\n.elementor-widget-text-editor.elementor-drop-cap-view-stacked .elementor-drop-cap{background-color:#69727d;color:#fff}.elementor-widget-text-editor.elementor-drop-cap-view-framed .elementor-drop-cap{color:#69727d;border:3px solid;background-color:transparent}.elementor-widget-text-editor:not(.elementor-drop-cap-view-default) .elementor-drop-cap{margin-top:8px}.elementor-widget-text-editor:not(.elementor-drop-cap-view-default) .elementor-drop-cap-letter{width:1em;height:1em}.elementor-widget-text-editor .elementor-drop-cap{float:left;text-align:center;line-height:1;font-size:50px}.elementor-widget-text-editor .elementor-drop-cap-letter{display:inline-block}<\/style>\t\t\t\t<p>Le but de l&#039;Ayahuasca pour le monde est d&#039;\u00eatre le pont permettant aux gens de <em><strong>gu\u00e9rir<\/strong><\/em> tes blessures spirituelles, lib\u00e8re ton esprit, <em><strong>onze<\/strong><\/em> son esprit et <em><strong>transformer<\/strong><\/em> sa vie.<\/p><p>\u00a0<\/p><p>Nous avons la ferme d\u00e9termination de vous offrir une exp\u00e9rience transformatrice et profonde de gu\u00e9rison \u00e9motionnelle, physique et spirituelle, \u00e0 travers des c\u00e9r\u00e9monies ancestrales avec des plantes sacr\u00e9es telles que l&#039;Ayahuasca, le San Pedro (wachuma) et le tabac, et diff\u00e9rents r\u00e9gimes de plantes m\u00e9dicinales d&#039;Amazonie. ; d<span style=\"font-style: inherit; font-weight: inherit; color: var(--ast-global-color-3);\">Dirig\u00e9 par nos gu\u00e9risseurs exp\u00e9riment\u00e9s (Meraya) et de lign\u00e9e ancestrale, \u00e0 travers des retraites de gu\u00e9rison, d&#039;\u00e9l\u00e9vation et de transformation.<\/span><\/p><p>\u00a0<\/p><p>Le r\u00e9sultat est de parvenir \u00e0 ce que chaque \u00eatre humain atteigne <em>&quot;se connaitre&quot;<\/em>\u00a0&quot;IL\u00a0<em>aimer aussi&quot;, &quot;connecter<\/em>\u00a0avec\u00a0<em>notre cr\u00e9ateur&quot;,<\/em>\u00a0gu\u00e9rir: <em>\u00ab corps, esprit<\/em>\u00a0et\u00a0<em>esprit \u00bb, et \u00ab \u00e9veille ta conscience \u00bb.<\/em><\/p><p>\u00a0<\/p><p>Pour nous<strong> Tourner<\/strong> Cela ne signifie pas devenir quelqu&#039;un d&#039;autre que qui vous \u00eates, mais faire ressortir notre \u00eatre v\u00e9ritable et d\u00e9couvrir notre ma\u00eetre int\u00e9rieur.<\/p>\t\t\t\t\t\t<\/div>\n\t\t\t\t<\/div>\n\t\t\t\t\t<\/div>\n\t\t<\/div>\n\t\t\t\t\t\t\t<\/div>\n\t\t<\/section>\n\t\t\t\t<section class=\"elementor-section elementor-inner-section elementor-element elementor-element-98586c8 elementor-section-boxed elementor-section-height-default elementor-section-height-default\" data-id=\"98586c8\" data-element_type=\"section\" data-settings=\"{&quot;background_background&quot;:&quot;classic&quot;}\">\n\t\t\t\t\t\t<div class=\"elementor-container elementor-column-gap-default\">\n\t\t\t\t\t<div class=\"elementor-column elementor-col-50 elementor-inner-column elementor-element elementor-element-9967f11\" data-id=\"9967f11\" data-element_type=\"column\">\n\t\t\t<div class=\"elementor-widget-wrap elementor-element-populated\">\n\t\t\t\t\t\t\t\t<div class=\"elementor-element elementor-element-5daae53 elementor-widget elementor-widget-text-editor\" data-id=\"5daae53\" data-element_type=\"widget\" data-widget_type=\"text-editor.default\">\n\t\t\t\t<div class=\"elementor-widget-container\">\n\t\t\t\t\t\t\t<p>Le pilier de <em>Ayahuasca pour le monde<\/em> c&#039;est lui <strong>AMOUR,\u00a0<\/strong>le v\u00e9ritable amour est patient, il est bon, il n&#039;est ni envieux, ni vantard, ni arrogant, ni grossier; Elle implique admiration et affection r\u00e9ciproque et accepte l&#039;autre tel qu&#039;il est.<\/p><p>\u00a0<\/p><p>Permettez-nous de vous accompagner dans votre processus de transformation et de gu\u00e9rison profonde de votre corps, de votre \u00e2me et de votre esprit. <strong>Atteignez votre \u00e9quilibre personnel.<\/strong><\/p><p><strong>\u00a0<\/strong><\/p><p><em>Avec amour et confiance, nous vous attendons!<\/em><\/p>\t\t\t\t\t\t<\/div>\n\t\t\t\t<\/div>\n\t\t\t\t<div class=\"elementor-element elementor-element-f51d427 elementor-widget elementor-widget-heading\" data-id=\"f51d427\" data-element_type=\"widget\" data-widget_type=\"heading.default\">\n\t\t\t\t<div class=\"elementor-widget-container\">\n\t\t\t<h4 class=\"elementor-heading-title elementor-size-default\">Ayahuasca pour le monde<\/h4>\t\t<\/div>\n\t\t\t\t<\/div>\n\t\t\t\t\t<\/div>\n\t\t<\/div>\n\t\t\t\t<div class=\"elementor-column elementor-col-50 elementor-inner-column elementor-element elementor-element-49186ed\" data-id=\"49186ed\" data-element_type=\"column\">\n\t\t\t<div class=\"elementor-widget-wrap elementor-element-populated\">\n\t\t\t\t\t\t\t\t<div class=\"elementor-element elementor-element-d12afa3 elementor-align-center elementor-widget elementor-widget-button\" data-id=\"d12afa3\" data-element_type=\"widget\" data-widget_type=\"button.default\">\n\t\t\t\t<div class=\"elementor-widget-container\">\n\t\t\t\t\t<div class=\"elementor-button-wrapper\">\n\t\t\t<a href=\"https:\/\/\/fr\/retiros-de-sanacion\/\" target=\"_blank\" class=\"elementor-button-link elementor-button elementor-size-lg\" role=\"button\">\n\t\t\t\t\t\t<span class=\"elementor-button-content-wrapper\">\n\t\t\t\t\t\t<span class=\"elementor-button-text\">Transformer!<\/span>\n\t\t<\/span>\n\t\t\t\t\t<\/a>\n\t\t<\/div>\n\t\t\t\t<\/div>\n\t\t\t\t<\/div>\n\t\t\t\t\t<\/div>\n\t\t<\/div>\n\t\t\t\t\t\t\t<\/div>\n\t\t<\/section>\n\t\t\t\t\t<\/div>\n\t\t<\/div>\n\t\t\t\t\t\t\t<\/div>\n\t\t<\/section>\n\t\t\t\t\t\t\t<\/div>","protected":false},"excerpt":{"rendered":"<p>\u00bfCu\u00e1l es el prop\u00f3sito de Ayahuasca para el Mundo? El prop\u00f3sito de Ayahuasca para el Mundo es ser el puente para que las personas curen sus heridas espirituales, liberen su mente, eleven su esp\u00edritu y transformen su vida. \u00a0 Tenemos la firme determinaci\u00f3n de entregarles una experiencia transformadora y de profunda de sanaci\u00f3n emocional, f\u00edsica [&hellip;]<\/p>","protected":false},"author":1,"featured_media":1729,"parent":0,"menu_order":0,"comment_status":"closed","ping_status":"closed","template":"","meta":{"site-sidebar-layout":"no-sidebar","site-content-layout":"page-builder","ast-site-content-layout":"","site-content-style":"default","site-sidebar-style":"default","ast-global-header-display":"","ast-banner-title-visibility":"","ast-main-header-display":"","ast-hfb-above-header-display":"","ast-hfb-below-header-display":"","ast-hfb-mobile-header-display":"","site-post-title":"disabled","ast-breadcrumbs-content":"","ast-featured-img":"disabled","footer-sml-layout":"","theme-transparent-header-meta":"default","adv-header-id-meta":"","stick-header-meta":"","header-above-stick-meta":"","header-main-stick-meta":"","header-below-stick-meta":"","astra-migrate-meta-layouts":"default","ast-page-background-enabled":"default","ast-page-background-meta":{"desktop":{"background-color":"","background-image":"","background-repeat":"repeat","background-position":"center center","background-size":"auto","background-attachment":"scroll","background-type":"","background-media":"","overlay-type":"","overlay-color":"","overlay-opacity":"","overlay-gradient":""},"tablet":{"background-color":"","background-image":"","background-repeat":"repeat","background-position":"center center","background-size":"auto","background-attachment":"scroll","background-type":"","background-media":"","overlay-type":"","overlay-color":"","overlay-opacity":"","overlay-gradient":""},"mobile":{"background-color":"","background-image":"","background-repeat":"repeat","background-position":"center center","background-size":"auto","background-attachment":"scroll","background-type":"","background-media":"","overlay-type":"","overlay-color":"","overlay-opacity":"","overlay-gradient":""}},"ast-content-background-meta":{"desktop":{"background-color":"var(--ast-global-color-5)","background-image":"","background-repeat":"repeat","background-position":"center center","background-size":"auto","background-attachment":"scroll","background-type":"","background-media":"","overlay-type":"","overlay-color":"","overlay-opacity":"","overlay-gradient":""},"tablet":{"background-color":"var(--ast-global-color-5)","background-image":"","background-repeat":"repeat","background-position":"center center","background-size":"auto","background-attachment":"scroll","background-type":"","background-media":"","overlay-type":"","overlay-color":"","overlay-opacity":"","overlay-gradient":""},"mobile":{"background-color":"var(--ast-global-color-5)","background-image":"","background-repeat":"repeat","background-position":"center center","background-size":"auto","background-attachment":"scroll","background-type":"","background-media":"","overlay-type":"","overlay-color":"","overlay-opacity":"","overlay-gradient":""}},"footnotes":""},"class_list":["post-145","page","type-page","status-publish","has-post-thumbnail","hentry"],"yoast_head":"<!-- This site is optimized with the Yoast SEO plugin v20.8 - https:\/\/yoast.com\/wordpress\/plugins\/seo\/ -->\n<title>Prop\u00f3sito en Ayahuasca para el Mundo<\/title>\n<meta name=\"description\" content=\"Queremos ser el puente para que las personas curen sus heridas espirituales, sanen su mente, eleven su esp\u00edritu y transformen su vida\" \/>\n<meta name=\"robots\" content=\"index, follow, max-snippet:-1, max-image-preview:large, max-video-preview:-1\" \/>\n<link rel=\"canonical\" href=\"https:\/\/ayahuascaparaelmundo.com\/fr\/proposito\/\" \/>\n<meta property=\"og:locale\" content=\"fr_FR\" \/>\n<meta property=\"og:type\" content=\"article\" \/>\n<meta property=\"og:title\" content=\"Prop\u00f3sito en Ayahuasca para el Mundo\" \/>\n<meta property=\"og:description\" content=\"Queremos ser el puente para que las personas curen sus heridas espirituales, sanen su mente, eleven su esp\u00edritu y transformen su vida\" \/>\n<meta property=\"og:url\" content=\"https:\/\/ayahuascaparaelmundo.com\/fr\/proposito\/\" \/>\n<meta property=\"og:site_name\" content=\"Ayahuasca para el Mundo\" \/>\n<meta property=\"article:publisher\" content=\"https:\/\/www.facebook.com\/ayahuascaparaelmundo\" \/>\n<meta property=\"article:modified_time\" content=\"2024-07-24T22:41:11+00:00\" \/>\n<meta property=\"og:image\" content=\"https:\/\/ayahuascaparaelmundo.com\/wp-content\/uploads\/2023\/02\/meditate-meditation-woman-5375835.jpg\" \/>\n\t<meta property=\"og:image:width\" content=\"1280\" \/>\n\t<meta property=\"og:image:height\" content=\"853\" \/>\n\t<meta property=\"og:image:type\" content=\"image\/jpeg\" \/>\n<meta name=\"twitter:card\" content=\"summary_large_image\" \/>\n<meta name=\"twitter:label1\" content=\"Dur\u00e9e de lecture estim\u00e9e\" \/>\n\t<meta name=\"twitter:data1\" content=\"2 minutes\" \/>\n<script type=\"application\/ld+json\" class=\"yoast-schema-graph\">{\"@context\":\"https:\/\/schema.org\",\"@graph\":[{\"@type\":\"WebPage\",\"@id\":\"https:\/\/ayahuascaparaelmundo.com\/de\/proposito\/\",\"url\":\"https:\/\/ayahuascaparaelmundo.com\/de\/proposito\/\",\"name\":\"Prop\u00f3sito en Ayahuasca para el Mundo\",\"isPartOf\":{\"@id\":\"https:\/\/ayahuascaparaelmundo.com\/de\/#website\"},\"datePublished\":\"2019-08-20T06:04:34+00:00\",\"dateModified\":\"2024-07-24T22:41:11+00:00\",\"description\":\"Queremos ser el puente para que las personas curen sus heridas espirituales, sanen su mente, eleven su esp\u00edritu y transformen su vida\",\"breadcrumb\":{\"@id\":\"https:\/\/ayahuascaparaelmundo.com\/de\/proposito\/#breadcrumb\"},\"inLanguage\":\"fr-FR\",\"potentialAction\":[{\"@type\":\"ReadAction\",\"target\":[\"https:\/\/ayahuascaparaelmundo.com\/de\/proposito\/\"]}]},{\"@type\":\"BreadcrumbList\",\"@id\":\"https:\/\/ayahuascaparaelmundo.com\/de\/proposito\/#breadcrumb\",\"itemListElement\":[{\"@type\":\"ListItem\",\"position\":1,\"name\":\"Portada\",\"item\":\"https:\/\/ayahuascaparaelmundo.com\/de\/\"},{\"@type\":\"ListItem\",\"position\":2,\"name\":\"Prop\u00f3sito\"}]},{\"@type\":\"WebSite\",\"@id\":\"https:\/\/ayahuascaparaelmundo.com\/de\/#website\",\"url\":\"https:\/\/ayahuascaparaelmundo.com\/de\/\",\"name\":\"Ayahuasca para el Mundo\",\"description\":\"Retiros de Sanaci\u00f3n, Ceremonias de Ayahuasca, San Pedro (Wachuma) y Tabaco en Per\u00fa\",\"publisher\":{\"@id\":\"https:\/\/ayahuascaparaelmundo.com\/de\/#organization\"},\"alternateName\":\"Retiro Espirituales y de Sanaci\u00f3n\",\"potentialAction\":[{\"@type\":\"SearchAction\",\"target\":{\"@type\":\"EntryPoint\",\"urlTemplate\":\"https:\/\/ayahuascaparaelmundo.com\/de\/?s={search_term_string}\"},\"query-input\":\"required name=search_term_string\"}],\"inLanguage\":\"fr-FR\"},{\"@type\":\"Organization\",\"@id\":\"https:\/\/ayahuascaparaelmundo.com\/de\/#organization\",\"name\":\"Ayahuasca para el Mundo\",\"alternateName\":\"Retiros de Sanaci\u00f3n y Espiritual\",\"url\":\"https:\/\/ayahuascaparaelmundo.com\/de\/\",\"logo\":{\"@type\":\"ImageObject\",\"inLanguage\":\"fr-FR\",\"@id\":\"https:\/\/ayahuascaparaelmundo.com\/de\/#\/schema\/logo\/image\/\",\"url\":\"http:\/\/ayahuascaparaelmundo.com\/wp-content\/uploads\/2023\/02\/cropped-pngwing.com-8-1.png\",\"contentUrl\":\"http:\/\/ayahuascaparaelmundo.com\/wp-content\/uploads\/2023\/02\/cropped-pngwing.com-8-1.png\",\"width\":842,\"height\":802,\"caption\":\"Ayahuasca para el Mundo\"},\"image\":{\"@id\":\"https:\/\/ayahuascaparaelmundo.com\/de\/#\/schema\/logo\/image\/\"},\"sameAs\":[\"https:\/\/www.facebook.com\/ayahuascaparaelmundo\"]}]}<\/script>\n<!-- \/ Yoast SEO plugin. -->","yoast_head_json":{"title":"Prop\u00f3sito en Ayahuasca para el Mundo","description":"Queremos ser el puente para que las personas curen sus heridas espirituales, sanen su mente, eleven su esp\u00edritu y transformen su vida","robots":{"index":"index","follow":"follow","max-snippet":"max-snippet:-1","max-image-preview":"max-image-preview:large","max-video-preview":"max-video-preview:-1"},"canonical":"https:\/\/ayahuascaparaelmundo.com\/fr\/proposito\/","og_locale":"fr_FR","og_type":"article","og_title":"Prop\u00f3sito en Ayahuasca para el Mundo","og_description":"Queremos ser el puente para que las personas curen sus heridas espirituales, sanen su mente, eleven su esp\u00edritu y transformen su vida","og_url":"https:\/\/ayahuascaparaelmundo.com\/fr\/proposito\/","og_site_name":"Ayahuasca para el Mundo","article_publisher":"https:\/\/www.facebook.com\/ayahuascaparaelmundo","article_modified_time":"2024-07-24T22:41:11+00:00","og_image":[{"width":1280,"height":853,"url":"https:\/\/ayahuascaparaelmundo.com\/wp-content\/uploads\/2023\/02\/meditate-meditation-woman-5375835.jpg","type":"image\/jpeg"}],"twitter_card":"summary_large_image","twitter_misc":{"Dur\u00e9e de lecture estim\u00e9e":"2 minutes"},"schema":{"@context":"https:\/\/schema.org","@graph":[{"@type":"WebPage","@id":"https:\/\/ayahuascaparaelmundo.com\/de\/proposito\/","url":"https:\/\/ayahuascaparaelmundo.com\/de\/proposito\/","name":"Prop\u00f3sito en Ayahuasca para el Mundo","isPartOf":{"@id":"https:\/\/ayahuascaparaelmundo.com\/de\/#website"},"datePublished":"2019-08-20T06:04:34+00:00","dateModified":"2024-07-24T22:41:11+00:00","description":"Queremos ser el puente para que las personas curen sus heridas espirituales, sanen su mente, eleven su esp\u00edritu y transformen su vida","breadcrumb":{"@id":"https:\/\/ayahuascaparaelmundo.com\/de\/proposito\/#breadcrumb"},"inLanguage":"fr-FR","potentialAction":[{"@type":"ReadAction","target":["https:\/\/ayahuascaparaelmundo.com\/de\/proposito\/"]}]},{"@type":"BreadcrumbList","@id":"https:\/\/ayahuascaparaelmundo.com\/de\/proposito\/#breadcrumb","itemListElement":[{"@type":"ListItem","position":1,"name":"Portada","item":"https:\/\/ayahuascaparaelmundo.com\/de\/"},{"@type":"ListItem","position":2,"name":"Prop\u00f3sito"}]},{"@type":"WebSite","@id":"https:\/\/ayahuascaparaelmundo.com\/de\/#website","url":"https:\/\/ayahuascaparaelmundo.com\/de\/","name":"Ayahuasca para el Mundo","description":"Retiros de Sanaci\u00f3n, Ceremonias de Ayahuasca, San Pedro (Wachuma) y Tabaco en Per\u00fa","publisher":{"@id":"https:\/\/ayahuascaparaelmundo.com\/de\/#organization"},"alternateName":"Retiro Espirituales y de Sanaci\u00f3n","potentialAction":[{"@type":"SearchAction","target":{"@type":"EntryPoint","urlTemplate":"https:\/\/ayahuascaparaelmundo.com\/de\/?s={search_term_string}"},"query-input":"required name=search_term_string"}],"inLanguage":"fr-FR"},{"@type":"Organization","@id":"https:\/\/ayahuascaparaelmundo.com\/de\/#organization","name":"Ayahuasca para el Mundo","alternateName":"Retiros de Sanaci\u00f3n y Espiritual","url":"https:\/\/ayahuascaparaelmundo.com\/de\/","logo":{"@type":"ImageObject","inLanguage":"fr-FR","@id":"https:\/\/ayahuascaparaelmundo.com\/de\/#\/schema\/logo\/image\/","url":"http:\/\/ayahuascaparaelmundo.com\/wp-content\/uploads\/2023\/02\/cropped-pngwing.com-8-1.png","contentUrl":"http:\/\/ayahuascaparaelmundo.com\/wp-content\/uploads\/2023\/02\/cropped-pngwing.com-8-1.png","width":842,"height":802,"caption":"Ayahuasca para el Mundo"},"image":{"@id":"https:\/\/ayahuascaparaelmundo.com\/de\/#\/schema\/logo\/image\/"},"sameAs":["https:\/\/www.facebook.com\/ayahuascaparaelmundo"]}]}},"_links":{"self":[{"href":"https:\/\/ayahuascaparaelmundo.com\/fr\/wp-json\/wp\/v2\/pages\/145","targetHints":{"allow":["GET"]}}],"collection":[{"href":"https:\/\/ayahuascaparaelmundo.com\/fr\/wp-json\/wp\/v2\/pages"}],"about":[{"href":"https:\/\/ayahuascaparaelmundo.com\/fr\/wp-json\/wp\/v2\/types\/page"}],"author":[{"embeddable":true,"href":"https:\/\/ayahuascaparaelmundo.com\/fr\/wp-json\/wp\/v2\/users\/1"}],"replies":[{"embeddable":true,"href":"https:\/\/ayahuascaparaelmundo.com\/fr\/wp-json\/wp\/v2\/comments?post=145"}],"version-history":[{"count":3,"href":"https:\/\/ayahuascaparaelmundo.com\/fr\/wp-json\/wp\/v2\/pages\/145\/revisions"}],"predecessor-version":[{"id":5478,"href":"https:\/\/ayahuascaparaelmundo.com\/fr\/wp-json\/wp\/v2\/pages\/145\/revisions\/5478"}],"wp:featuredmedia":[{"embeddable":true,"href":"https:\/\/ayahuascaparaelmundo.com\/fr\/wp-json\/wp\/v2\/media\/1729"}],"wp:attachment":[{"href":"https:\/\/ayahuascaparaelmundo.com\/fr\/wp-json\/wp\/v2\/media?parent=145"}],"curies":[{"name":"wp","href":"https:\/\/api.w.org\/{rel}","templated":true}]}}