{"id":145,"date":"2019-08-20T06:04:34","date_gmt":"2019-08-20T06:04:34","guid":{"rendered":"https:\/programs\/"},"modified":"2024-07-24T17:41:11","modified_gmt":"2024-07-24T22:41:11","slug":"proposito","status":"publish","type":"page","link":"https:\/\/ayahuascaparaelmundo.com\/de\/proposito\/","title":{"rendered":"Zweck"},"content":{"rendered":"<div data-elementor-type=\"wp-post\" data-elementor-id=\"145\" class=\"elementor elementor-145\">\n\t\t\t\t\t\t\t\t\t<section class=\"elementor-section elementor-top-section elementor-element elementor-element-74ba2fac elementor-section-full_width elementor-section-height-default elementor-section-height-default\" data-id=\"74ba2fac\" data-element_type=\"section\" data-settings=\"{&quot;background_background&quot;:&quot;classic&quot;,&quot;shape_divider_bottom&quot;:&quot;triangle&quot;,&quot;shape_divider_bottom_negative&quot;:&quot;yes&quot;}\">\n\t\t\t\t\t\t\t<div class=\"elementor-background-overlay\"><\/div>\n\t\t\t\t\t\t<div class=\"elementor-shape elementor-shape-bottom\" data-negative=\"true\">\n\t\t\t<svg xmlns=\"http:\/\/www.w3.org\/2000\/svg\" viewbox=\"0 0 1000 100\" preserveaspectratio=\"none\">\n\t<path class=\"elementor-shape-fill\" d=\"M500.2,94.7L0,0v100h1000V0L500.2,94.7z\"\/>\n<\/svg>\t\t<\/div>\n\t\t\t\t\t<div class=\"elementor-container elementor-column-gap-default\">\n\t\t\t\t\t<div class=\"elementor-column elementor-col-100 elementor-top-column elementor-element elementor-element-23262dea\" data-id=\"23262dea\" data-element_type=\"column\">\n\t\t\t<div class=\"elementor-widget-wrap elementor-element-populated\">\n\t\t\t\t\t\t\t\t<div class=\"elementor-element elementor-element-27af6558 elementor-widget elementor-widget-heading\" data-id=\"27af6558\" data-element_type=\"widget\" data-settings=\"{&quot;_animation&quot;:&quot;none&quot;}\" data-widget_type=\"heading.default\">\n\t\t\t\t<div class=\"elementor-widget-container\">\n\t\t\t<style>\/*! elementor - v3.13.3 - 28-05-2023 *\/\n.elementor-heading-title{padding:0;margin:0;line-height:1}.elementor-widget-heading .elementor-heading-title[class*=elementor-size-]>a{color:inherit;font-size:inherit;line-height:inherit}.elementor-widget-heading .elementor-heading-title.elementor-size-small{font-size:15px}.elementor-widget-heading .elementor-heading-title.elementor-size-medium{font-size:19px}.elementor-widget-heading .elementor-heading-title.elementor-size-large{font-size:29px}.elementor-widget-heading .elementor-heading-title.elementor-size-xl{font-size:39px}.elementor-widget-heading .elementor-heading-title.elementor-size-xxl{font-size:59px}<\/style><h1 class=\"elementor-heading-title elementor-size-default\">Was ist der Zweck von Ayahuasca f\u00fcr die Welt?<\/h1>\t\t<\/div>\n\t\t\t\t<\/div>\n\t\t\t\t\t<\/div>\n\t\t<\/div>\n\t\t\t\t\t\t\t<\/div>\n\t\t<\/section>\n\t\t\t\t<section class=\"elementor-section elementor-top-section elementor-element elementor-element-8dc6205 elementor-reverse-mobile elementor-section-full_width elementor-section-height-default elementor-section-height-default\" data-id=\"8dc6205\" data-element_type=\"section\" data-settings=\"{&quot;background_background&quot;:&quot;classic&quot;}\">\n\t\t\t\t\t\t\t<div class=\"elementor-background-overlay\"><\/div>\n\t\t\t\t\t\t\t<div class=\"elementor-container elementor-column-gap-no\">\n\t\t\t\t\t<div class=\"elementor-column elementor-col-100 elementor-top-column elementor-element elementor-element-0b0aedc\" data-id=\"0b0aedc\" data-element_type=\"column\">\n\t\t\t<div class=\"elementor-widget-wrap elementor-element-populated\">\n\t\t\t\t\t\t\t\t<section class=\"elementor-section elementor-inner-section elementor-element elementor-element-6cad3d1 elementor-section-boxed elementor-section-height-default elementor-section-height-default\" data-id=\"6cad3d1\" data-element_type=\"section\" data-settings=\"{&quot;background_background&quot;:&quot;classic&quot;}\">\n\t\t\t\t\t\t<div class=\"elementor-container elementor-column-gap-default\">\n\t\t\t\t\t<div class=\"elementor-column elementor-col-50 elementor-inner-column elementor-element elementor-element-8e8665b\" data-id=\"8e8665b\" data-element_type=\"column\">\n\t\t\t<div class=\"elementor-widget-wrap elementor-element-populated\">\n\t\t\t\t\t\t\t\t<div class=\"elementor-element elementor-element-4b3340f elementor-widget elementor-widget-image\" data-id=\"4b3340f\" data-element_type=\"widget\" data-widget_type=\"image.default\">\n\t\t\t\t<div class=\"elementor-widget-container\">\n\t\t\t<style>\/*! elementor - v3.13.3 - 28-05-2023 *\/\n.elementor-widget-image{text-align:center}.elementor-widget-image a{display:inline-block}.elementor-widget-image a img[src$=\".svg\"]{width:48px}.elementor-widget-image img{vertical-align:middle;display:inline-block}<\/style>\t\t\t\t\t\t\t\t\t\t\t\t<img loading=\"lazy\" decoding=\"async\" width=\"1024\" height=\"682\" src=\"https:\/\/ayahuascaparaelmundo.com\/wp-content\/uploads\/2023\/02\/meditate-meditation-woman-5375835-1024x682.jpg\" class=\"attachment-large size-large wp-image-1729\" alt=\"\" srcset=\"https:\/\/ayahuascaparaelmundo.com\/wp-content\/uploads\/2023\/02\/meditate-meditation-woman-5375835-1024x682.jpg 1024w, https:\/\/ayahuascaparaelmundo.com\/wp-content\/uploads\/2023\/02\/meditate-meditation-woman-5375835-300x200.jpg 300w, https:\/\/ayahuascaparaelmundo.com\/wp-content\/uploads\/2023\/02\/meditate-meditation-woman-5375835-768x512.jpg 768w, https:\/\/ayahuascaparaelmundo.com\/wp-content\/uploads\/2023\/02\/meditate-meditation-woman-5375835.jpg 1280w\" sizes=\"auto, (max-width: 1024px) 100vw, 1024px\" \/>\t\t\t\t\t\t\t\t\t\t\t\t\t\t\t<\/div>\n\t\t\t\t<\/div>\n\t\t\t\t\t<\/div>\n\t\t<\/div>\n\t\t\t\t<div class=\"elementor-column elementor-col-50 elementor-inner-column elementor-element elementor-element-f5d6f1b\" data-id=\"f5d6f1b\" data-element_type=\"column\">\n\t\t\t<div class=\"elementor-widget-wrap elementor-element-populated\">\n\t\t\t\t\t\t\t\t<div class=\"elementor-element elementor-element-2ceda7e elementor-widget elementor-widget-text-editor\" data-id=\"2ceda7e\" data-element_type=\"widget\" data-widget_type=\"text-editor.default\">\n\t\t\t\t<div class=\"elementor-widget-container\">\n\t\t\t<style>\/*! elementor - v3.13.3 - 28-05-2023 *\/\n.elementor-widget-text-editor.elementor-drop-cap-view-stacked .elementor-drop-cap{background-color:#69727d;color:#fff}.elementor-widget-text-editor.elementor-drop-cap-view-framed .elementor-drop-cap{color:#69727d;border:3px solid;background-color:transparent}.elementor-widget-text-editor:not(.elementor-drop-cap-view-default) .elementor-drop-cap{margin-top:8px}.elementor-widget-text-editor:not(.elementor-drop-cap-view-default) .elementor-drop-cap-letter{width:1em;height:1em}.elementor-widget-text-editor .elementor-drop-cap{float:left;text-align:center;line-height:1;font-size:50px}.elementor-widget-text-editor .elementor-drop-cap-letter{display:inline-block}<\/style>\t\t\t\t<p>Der Zweck von Ayahuasca for the World ist es, die Br\u00fccke f\u00fcr die Menschen zu sein <em><strong>heilen<\/strong><\/em> deine spirituellen Wunden, befreie deinen Geist, <em><strong>elf<\/strong><\/em> sein Geist u <em><strong>verwandeln<\/strong><\/em> sein Leben.<\/p><p>\u00a0<\/p><p>Wir haben die feste Entschlossenheit, Ihnen eine transformierende und tiefgreifende Erfahrung emotionaler, k\u00f6rperlicher und spiritueller Heilung durch Ahnenzeremonien mit heiligen Pflanzen wie Ayahuasca, San Pedro (Wachuma) und Tabak sowie verschiedene Di\u00e4ten mit Heilpflanzen aus dem peruanischen Amazonas zu bieten ; D<span style=\"font-style: inherit; font-weight: inherit; color: var(--ast-global-color-3);\">Geleitet von unseren erfahrenen Heilern (Meraya) und der Ahnenlinie, durch Heilungs-, Erhebungs- und Transformations-Retreats.<\/span><\/p><p>\u00a0<\/p><p>Das Ergebnis ist zu erreichen, dass jeder Mensch erreicht <em>&quot;kenn dich selbst&quot;<\/em>\u00a0&quot;ER\u00a0<em>liebe auch&quot;, &quot;connect<\/em>\u00a0mit\u00a0<em>unser Sch\u00f6pfer&quot;,<\/em>\u00a0heilen: <em>&quot;K\u00f6rper Geist<\/em>\u00a0Und\u00a0<em>Geist\u201c und \u201eerwecke dein Gewissen\u201c.<\/em><\/p><p>\u00a0<\/p><p>F\u00fcr uns<strong> Drehen<\/strong> Es bedeutet nicht, jemand anderes zu werden, als Sie sind, sondern unser wahres Wesen zum Vorschein zu bringen und unseren inneren Lehrer zu entdecken.<\/p>\t\t\t\t\t\t<\/div>\n\t\t\t\t<\/div>\n\t\t\t\t\t<\/div>\n\t\t<\/div>\n\t\t\t\t\t\t\t<\/div>\n\t\t<\/section>\n\t\t\t\t<section class=\"elementor-section elementor-inner-section elementor-element elementor-element-98586c8 elementor-section-boxed elementor-section-height-default elementor-section-height-default\" data-id=\"98586c8\" data-element_type=\"section\" data-settings=\"{&quot;background_background&quot;:&quot;classic&quot;}\">\n\t\t\t\t\t\t<div class=\"elementor-container elementor-column-gap-default\">\n\t\t\t\t\t<div class=\"elementor-column elementor-col-50 elementor-inner-column elementor-element elementor-element-9967f11\" data-id=\"9967f11\" data-element_type=\"column\">\n\t\t\t<div class=\"elementor-widget-wrap elementor-element-populated\">\n\t\t\t\t\t\t\t\t<div class=\"elementor-element elementor-element-5daae53 elementor-widget elementor-widget-text-editor\" data-id=\"5daae53\" data-element_type=\"widget\" data-widget_type=\"text-editor.default\">\n\t\t\t\t<div class=\"elementor-widget-container\">\n\t\t\t\t\t\t\t<p>Die S\u00e4ule von <em>Ayahuasca f\u00fcr die Welt<\/em> ist er <strong>LIEBE,\u00a0<\/strong>wahre Liebe ist geduldig, sie ist g\u00fctig, sie ist nicht neidisch, noch prahlerisch, noch arrogant, noch unh\u00f6flich; Es impliziert Bewunderung und gegenseitige Zuneigung und akzeptiert den anderen so, wie er ist.<\/p><p>\u00a0<\/p><p>Lassen Sie sich von uns in Ihrem Prozess der Transformation und tiefen Heilung von K\u00f6rper, Geist und Seele begleiten. <strong>Erreichen Sie Ihr pers\u00f6nliches Gleichgewicht.<\/strong><\/p><p><strong>\u00a0<\/strong><\/p><p><em>Mit Liebe und Vertrauen warten wir auf Sie!<\/em><\/p>\t\t\t\t\t\t<\/div>\n\t\t\t\t<\/div>\n\t\t\t\t<div class=\"elementor-element elementor-element-f51d427 elementor-widget elementor-widget-heading\" data-id=\"f51d427\" data-element_type=\"widget\" data-widget_type=\"heading.default\">\n\t\t\t\t<div class=\"elementor-widget-container\">\n\t\t\t<h4 class=\"elementor-heading-title elementor-size-default\">Ayahuasca f\u00fcr die Welt<\/h4>\t\t<\/div>\n\t\t\t\t<\/div>\n\t\t\t\t\t<\/div>\n\t\t<\/div>\n\t\t\t\t<div class=\"elementor-column elementor-col-50 elementor-inner-column elementor-element elementor-element-49186ed\" data-id=\"49186ed\" data-element_type=\"column\">\n\t\t\t<div class=\"elementor-widget-wrap elementor-element-populated\">\n\t\t\t\t\t\t\t\t<div class=\"elementor-element elementor-element-d12afa3 elementor-align-center elementor-widget elementor-widget-button\" data-id=\"d12afa3\" data-element_type=\"widget\" data-widget_type=\"button.default\">\n\t\t\t\t<div class=\"elementor-widget-container\">\n\t\t\t\t\t<div class=\"elementor-button-wrapper\">\n\t\t\t<a href=\"https:\/\/\/de\/retiros-de-sanacion\/\" target=\"_blank\" class=\"elementor-button-link elementor-button elementor-size-lg\" role=\"button\">\n\t\t\t\t\t\t<span class=\"elementor-button-content-wrapper\">\n\t\t\t\t\t\t<span class=\"elementor-button-text\">Verwandeln!<\/span>\n\t\t<\/span>\n\t\t\t\t\t<\/a>\n\t\t<\/div>\n\t\t\t\t<\/div>\n\t\t\t\t<\/div>\n\t\t\t\t\t<\/div>\n\t\t<\/div>\n\t\t\t\t\t\t\t<\/div>\n\t\t<\/section>\n\t\t\t\t\t<\/div>\n\t\t<\/div>\n\t\t\t\t\t\t\t<\/div>\n\t\t<\/section>\n\t\t\t\t\t\t\t<\/div>","protected":false},"excerpt":{"rendered":"<p>\u00bfCu\u00e1l es el prop\u00f3sito de Ayahuasca para el Mundo? El prop\u00f3sito de Ayahuasca para el Mundo es ser el puente para que las personas curen sus heridas espirituales, liberen su mente, eleven su esp\u00edritu y transformen su vida. \u00a0 Tenemos la firme determinaci\u00f3n de entregarles una experiencia transformadora y de profunda de sanaci\u00f3n emocional, f\u00edsica [&hellip;]<\/p>","protected":false},"author":1,"featured_media":1729,"parent":0,"menu_order":0,"comment_status":"closed","ping_status":"closed","template":"","meta":{"site-sidebar-layout":"no-sidebar","site-content-layout":"page-builder","ast-site-content-layout":"","site-content-style":"default","site-sidebar-style":"default","ast-global-header-display":"","ast-banner-title-visibility":"","ast-main-header-display":"","ast-hfb-above-header-display":"","ast-hfb-below-header-display":"","ast-hfb-mobile-header-display":"","site-post-title":"disabled","ast-breadcrumbs-content":"","ast-featured-img":"disabled","footer-sml-layout":"","theme-transparent-header-meta":"default","adv-header-id-meta":"","stick-header-meta":"","header-above-stick-meta":"","header-main-stick-meta":"","header-below-stick-meta":"","astra-migrate-meta-layouts":"default","ast-page-background-enabled":"default","ast-page-background-meta":{"desktop":{"background-color":"","background-image":"","background-repeat":"repeat","background-position":"center center","background-size":"auto","background-attachment":"scroll","background-type":"","background-media":"","overlay-type":"","overlay-color":"","overlay-opacity":"","overlay-gradient":""},"tablet":{"background-color":"","background-image":"","background-repeat":"repeat","background-position":"center center","background-size":"auto","background-attachment":"scroll","background-type":"","background-media":"","overlay-type":"","overlay-color":"","overlay-opacity":"","overlay-gradient":""},"mobile":{"background-color":"","background-image":"","background-repeat":"repeat","background-position":"center center","background-size":"auto","background-attachment":"scroll","background-type":"","background-media":"","overlay-type":"","overlay-color":"","overlay-opacity":"","overlay-gradient":""}},"ast-content-background-meta":{"desktop":{"background-color":"var(--ast-global-color-5)","background-image":"","background-repeat":"repeat","background-position":"center center","background-size":"auto","background-attachment":"scroll","background-type":"","background-media":"","overlay-type":"","overlay-color":"","overlay-opacity":"","overlay-gradient":""},"tablet":{"background-color":"var(--ast-global-color-5)","background-image":"","background-repeat":"repeat","background-position":"center center","background-size":"auto","background-attachment":"scroll","background-type":"","background-media":"","overlay-type":"","overlay-color":"","overlay-opacity":"","overlay-gradient":""},"mobile":{"background-color":"var(--ast-global-color-5)","background-image":"","background-repeat":"repeat","background-position":"center center","background-size":"auto","background-attachment":"scroll","background-type":"","background-media":"","overlay-type":"","overlay-color":"","overlay-opacity":"","overlay-gradient":""}},"footnotes":""},"class_list":["post-145","page","type-page","status-publish","has-post-thumbnail","hentry"],"yoast_head":"<!-- This site is optimized with the Yoast SEO plugin v20.8 - https:\/\/yoast.com\/wordpress\/plugins\/seo\/ -->\n<title>Prop\u00f3sito en Ayahuasca para el Mundo<\/title>\n<meta name=\"description\" content=\"Queremos ser el puente para que las personas curen sus heridas espirituales, sanen su mente, eleven su esp\u00edritu y transformen su vida\" \/>\n<meta name=\"robots\" content=\"index, follow, max-snippet:-1, max-image-preview:large, max-video-preview:-1\" \/>\n<link rel=\"canonical\" href=\"https:\/\/ayahuascaparaelmundo.com\/de\/proposito\/\" \/>\n<meta property=\"og:locale\" content=\"de_DE\" \/>\n<meta property=\"og:type\" content=\"article\" \/>\n<meta property=\"og:title\" content=\"Prop\u00f3sito en Ayahuasca para el Mundo\" \/>\n<meta property=\"og:description\" content=\"Queremos ser el puente para que las personas curen sus heridas espirituales, sanen su mente, eleven su esp\u00edritu y transformen su vida\" \/>\n<meta property=\"og:url\" content=\"https:\/\/ayahuascaparaelmundo.com\/de\/proposito\/\" \/>\n<meta property=\"og:site_name\" content=\"Ayahuasca para el Mundo\" \/>\n<meta property=\"article:publisher\" content=\"https:\/\/www.facebook.com\/ayahuascaparaelmundo\" \/>\n<meta property=\"article:modified_time\" content=\"2024-07-24T22:41:11+00:00\" \/>\n<meta property=\"og:image\" content=\"https:\/\/ayahuascaparaelmundo.com\/wp-content\/uploads\/2023\/02\/meditate-meditation-woman-5375835.jpg\" \/>\n\t<meta property=\"og:image:width\" content=\"1280\" \/>\n\t<meta property=\"og:image:height\" content=\"853\" \/>\n\t<meta property=\"og:image:type\" content=\"image\/jpeg\" \/>\n<meta name=\"twitter:card\" content=\"summary_large_image\" \/>\n<meta name=\"twitter:label1\" content=\"Gesch\u00e4tzte Lesezeit\" \/>\n\t<meta name=\"twitter:data1\" content=\"2\u00a0Minuten\" \/>\n<script type=\"application\/ld+json\" class=\"yoast-schema-graph\">{\"@context\":\"https:\/\/schema.org\",\"@graph\":[{\"@type\":\"WebPage\",\"@id\":\"https:\/\/ayahuascaparaelmundo.com\/de\/proposito\/\",\"url\":\"https:\/\/ayahuascaparaelmundo.com\/de\/proposito\/\",\"name\":\"Prop\u00f3sito en Ayahuasca para el Mundo\",\"isPartOf\":{\"@id\":\"https:\/\/ayahuascaparaelmundo.com\/de\/#website\"},\"datePublished\":\"2019-08-20T06:04:34+00:00\",\"dateModified\":\"2024-07-24T22:41:11+00:00\",\"description\":\"Queremos ser el puente para que las personas curen sus heridas espirituales, sanen su mente, eleven su esp\u00edritu y transformen su vida\",\"breadcrumb\":{\"@id\":\"https:\/\/ayahuascaparaelmundo.com\/de\/proposito\/#breadcrumb\"},\"inLanguage\":\"de\",\"potentialAction\":[{\"@type\":\"ReadAction\",\"target\":[\"https:\/\/ayahuascaparaelmundo.com\/de\/proposito\/\"]}]},{\"@type\":\"BreadcrumbList\",\"@id\":\"https:\/\/ayahuascaparaelmundo.com\/de\/proposito\/#breadcrumb\",\"itemListElement\":[{\"@type\":\"ListItem\",\"position\":1,\"name\":\"Portada\",\"item\":\"https:\/\/ayahuascaparaelmundo.com\/de\/\"},{\"@type\":\"ListItem\",\"position\":2,\"name\":\"Prop\u00f3sito\"}]},{\"@type\":\"WebSite\",\"@id\":\"https:\/\/ayahuascaparaelmundo.com\/de\/#website\",\"url\":\"https:\/\/ayahuascaparaelmundo.com\/de\/\",\"name\":\"Ayahuasca para el Mundo\",\"description\":\"Retiros de Sanaci\u00f3n, Ceremonias de Ayahuasca, San Pedro (Wachuma) y Tabaco en Per\u00fa\",\"publisher\":{\"@id\":\"https:\/\/ayahuascaparaelmundo.com\/de\/#organization\"},\"alternateName\":\"Retiro Espirituales y de Sanaci\u00f3n\",\"potentialAction\":[{\"@type\":\"SearchAction\",\"target\":{\"@type\":\"EntryPoint\",\"urlTemplate\":\"https:\/\/ayahuascaparaelmundo.com\/de\/?s={search_term_string}\"},\"query-input\":\"required name=search_term_string\"}],\"inLanguage\":\"de\"},{\"@type\":\"Organization\",\"@id\":\"https:\/\/ayahuascaparaelmundo.com\/de\/#organization\",\"name\":\"Ayahuasca para el Mundo\",\"alternateName\":\"Retiros de Sanaci\u00f3n y Espiritual\",\"url\":\"https:\/\/ayahuascaparaelmundo.com\/de\/\",\"logo\":{\"@type\":\"ImageObject\",\"inLanguage\":\"de\",\"@id\":\"https:\/\/ayahuascaparaelmundo.com\/de\/#\/schema\/logo\/image\/\",\"url\":\"http:\/\/ayahuascaparaelmundo.com\/wp-content\/uploads\/2023\/02\/cropped-pngwing.com-8-1.png\",\"contentUrl\":\"http:\/\/ayahuascaparaelmundo.com\/wp-content\/uploads\/2023\/02\/cropped-pngwing.com-8-1.png\",\"width\":842,\"height\":802,\"caption\":\"Ayahuasca para el Mundo\"},\"image\":{\"@id\":\"https:\/\/ayahuascaparaelmundo.com\/de\/#\/schema\/logo\/image\/\"},\"sameAs\":[\"https:\/\/www.facebook.com\/ayahuascaparaelmundo\"]}]}<\/script>\n<!-- \/ Yoast SEO plugin. -->","yoast_head_json":{"title":"Prop\u00f3sito en Ayahuasca para el Mundo","description":"Queremos ser el puente para que las personas curen sus heridas espirituales, sanen su mente, eleven su esp\u00edritu y transformen su vida","robots":{"index":"index","follow":"follow","max-snippet":"max-snippet:-1","max-image-preview":"max-image-preview:large","max-video-preview":"max-video-preview:-1"},"canonical":"https:\/\/ayahuascaparaelmundo.com\/de\/proposito\/","og_locale":"de_DE","og_type":"article","og_title":"Prop\u00f3sito en Ayahuasca para el Mundo","og_description":"Queremos ser el puente para que las personas curen sus heridas espirituales, sanen su mente, eleven su esp\u00edritu y transformen su vida","og_url":"https:\/\/ayahuascaparaelmundo.com\/de\/proposito\/","og_site_name":"Ayahuasca para el Mundo","article_publisher":"https:\/\/www.facebook.com\/ayahuascaparaelmundo","article_modified_time":"2024-07-24T22:41:11+00:00","og_image":[{"width":1280,"height":853,"url":"https:\/\/ayahuascaparaelmundo.com\/wp-content\/uploads\/2023\/02\/meditate-meditation-woman-5375835.jpg","type":"image\/jpeg"}],"twitter_card":"summary_large_image","twitter_misc":{"Gesch\u00e4tzte Lesezeit":"2\u00a0Minuten"},"schema":{"@context":"https:\/\/schema.org","@graph":[{"@type":"WebPage","@id":"https:\/\/ayahuascaparaelmundo.com\/de\/proposito\/","url":"https:\/\/ayahuascaparaelmundo.com\/de\/proposito\/","name":"Prop\u00f3sito en Ayahuasca para el Mundo","isPartOf":{"@id":"https:\/\/ayahuascaparaelmundo.com\/de\/#website"},"datePublished":"2019-08-20T06:04:34+00:00","dateModified":"2024-07-24T22:41:11+00:00","description":"Queremos ser el puente para que las personas curen sus heridas espirituales, sanen su mente, eleven su esp\u00edritu y transformen su vida","breadcrumb":{"@id":"https:\/\/ayahuascaparaelmundo.com\/de\/proposito\/#breadcrumb"},"inLanguage":"de","potentialAction":[{"@type":"ReadAction","target":["https:\/\/ayahuascaparaelmundo.com\/de\/proposito\/"]}]},{"@type":"BreadcrumbList","@id":"https:\/\/ayahuascaparaelmundo.com\/de\/proposito\/#breadcrumb","itemListElement":[{"@type":"ListItem","position":1,"name":"Portada","item":"https:\/\/ayahuascaparaelmundo.com\/de\/"},{"@type":"ListItem","position":2,"name":"Prop\u00f3sito"}]},{"@type":"WebSite","@id":"https:\/\/ayahuascaparaelmundo.com\/de\/#website","url":"https:\/\/ayahuascaparaelmundo.com\/de\/","name":"Ayahuasca para el Mundo","description":"Retiros de Sanaci\u00f3n, Ceremonias de Ayahuasca, San Pedro (Wachuma) y Tabaco en Per\u00fa","publisher":{"@id":"https:\/\/ayahuascaparaelmundo.com\/de\/#organization"},"alternateName":"Retiro Espirituales y de Sanaci\u00f3n","potentialAction":[{"@type":"SearchAction","target":{"@type":"EntryPoint","urlTemplate":"https:\/\/ayahuascaparaelmundo.com\/de\/?s={search_term_string}"},"query-input":"required name=search_term_string"}],"inLanguage":"de"},{"@type":"Organization","@id":"https:\/\/ayahuascaparaelmundo.com\/de\/#organization","name":"Ayahuasca para el Mundo","alternateName":"Retiros de Sanaci\u00f3n y Espiritual","url":"https:\/\/ayahuascaparaelmundo.com\/de\/","logo":{"@type":"ImageObject","inLanguage":"de","@id":"https:\/\/ayahuascaparaelmundo.com\/de\/#\/schema\/logo\/image\/","url":"http:\/\/ayahuascaparaelmundo.com\/wp-content\/uploads\/2023\/02\/cropped-pngwing.com-8-1.png","contentUrl":"http:\/\/ayahuascaparaelmundo.com\/wp-content\/uploads\/2023\/02\/cropped-pngwing.com-8-1.png","width":842,"height":802,"caption":"Ayahuasca para el Mundo"},"image":{"@id":"https:\/\/ayahuascaparaelmundo.com\/de\/#\/schema\/logo\/image\/"},"sameAs":["https:\/\/www.facebook.com\/ayahuascaparaelmundo"]}]}},"_links":{"self":[{"href":"https:\/\/ayahuascaparaelmundo.com\/de\/wp-json\/wp\/v2\/pages\/145","targetHints":{"allow":["GET"]}}],"collection":[{"href":"https:\/\/ayahuascaparaelmundo.com\/de\/wp-json\/wp\/v2\/pages"}],"about":[{"href":"https:\/\/ayahuascaparaelmundo.com\/de\/wp-json\/wp\/v2\/types\/page"}],"author":[{"embeddable":true,"href":"https:\/\/ayahuascaparaelmundo.com\/de\/wp-json\/wp\/v2\/users\/1"}],"replies":[{"embeddable":true,"href":"https:\/\/ayahuascaparaelmundo.com\/de\/wp-json\/wp\/v2\/comments?post=145"}],"version-history":[{"count":3,"href":"https:\/\/ayahuascaparaelmundo.com\/de\/wp-json\/wp\/v2\/pages\/145\/revisions"}],"predecessor-version":[{"id":5478,"href":"https:\/\/ayahuascaparaelmundo.com\/de\/wp-json\/wp\/v2\/pages\/145\/revisions\/5478"}],"wp:featuredmedia":[{"embeddable":true,"href":"https:\/\/ayahuascaparaelmundo.com\/de\/wp-json\/wp\/v2\/media\/1729"}],"wp:attachment":[{"href":"https:\/\/ayahuascaparaelmundo.com\/de\/wp-json\/wp\/v2\/media?parent=145"}],"curies":[{"name":"wp","href":"https:\/\/api.w.org\/{rel}","templated":true}]}}